{"id":9065,"date":"2024-10-08T09:40:16","date_gmt":"2024-10-08T09:40:16","guid":{"rendered":"https:\/\/www.acd.fr\/home\/"},"modified":"2025-02-10T14:14:56","modified_gmt":"2025-02-10T14:14:56","slug":"home","status":"publish","type":"page","link":"https:\/\/www.acd.fr\/en\/","title":{"rendered":"Home"},"content":{"rendered":"","protected":false},"excerpt":{"rendered":"","protected":false},"author":1,"featured_media":0,"parent":0,"menu_order":30,"comment_status":"closed","ping_status":"closed","template":"pages\/home.php","meta":{"_acf_changed":false,"footnotes":""},"class_list":["post-9065","page","type-page","status-publish","hentry"],"acf":[],"yoast_head":"<!-- This site is optimized with the Yoast SEO plugin v27.3 - https:\/\/yoast.com\/product\/yoast-seo-wordpress\/ -->\n<title>ACD - Cabinet d&#039;avocats d&#039;affaires \u00e0 Paris, Nancy, Metz, Epinal et Thionville<\/title>\n<meta name=\"description\" content=\"Cr\u00e9\u00e9 en 1959, ACD Avocats est un cabinet d&#039;avocats de premier plan bas\u00e9 dans le Grand Est et \u00e0 Paris compos\u00e9 de pr\u00e8s de 100 professionnels.\" \/>\n<meta name=\"robots\" content=\"index, follow, max-snippet:-1, max-image-preview:large, max-video-preview:-1\" \/>\n<link rel=\"canonical\" href=\"https:\/\/www.acd.fr\/en\/\" \/>\n<meta property=\"og:locale\" content=\"en_US\" \/>\n<meta property=\"og:type\" content=\"article\" \/>\n<meta property=\"og:title\" content=\"ACD - Cabinet d&#039;avocats d&#039;affaires \u00e0 Paris, Nancy, Metz, Epinal et Thionville\" \/>\n<meta property=\"og:description\" content=\"Cr\u00e9\u00e9 en 1959, ACD Avocats est un cabinet d&#039;avocats de premier plan bas\u00e9 dans le Grand Est et \u00e0 Paris compos\u00e9 de pr\u00e8s de 100 professionnels.\" \/>\n<meta property=\"og:url\" content=\"https:\/\/www.acd.fr\/en\/\" \/>\n<meta property=\"og:site_name\" content=\"ACD avocats\" \/>\n<meta property=\"article:modified_time\" content=\"2025-02-10T14:14:56+00:00\" \/>\n<meta name=\"twitter:card\" content=\"summary_large_image\" \/>\n<script type=\"application\/ld+json\" class=\"yoast-schema-graph\">{\"@context\":\"https:\\\/\\\/schema.org\",\"@graph\":[{\"@type\":\"WebPage\",\"@id\":\"https:\\\/\\\/www.acd.fr\\\/en\\\/\",\"url\":\"https:\\\/\\\/www.acd.fr\\\/en\\\/\",\"name\":\"ACD - Cabinet d'avocats d'affaires \u00e0 Paris, Nancy, Metz, Epinal et Thionville\",\"isPartOf\":{\"@id\":\"https:\\\/\\\/www.acd.fr\\\/#website\"},\"datePublished\":\"2024-10-08T09:40:16+00:00\",\"dateModified\":\"2025-02-10T14:14:56+00:00\",\"description\":\"Cr\u00e9\u00e9 en 1959, ACD Avocats est un cabinet d'avocats de premier plan bas\u00e9 dans le Grand Est et \u00e0 Paris compos\u00e9 de pr\u00e8s de 100 professionnels.\",\"breadcrumb\":{\"@id\":\"https:\\\/\\\/www.acd.fr\\\/en\\\/#breadcrumb\"},\"inLanguage\":\"en-US\",\"potentialAction\":[{\"@type\":\"ReadAction\",\"target\":[\"https:\\\/\\\/www.acd.fr\\\/en\\\/\"]}]},{\"@type\":\"BreadcrumbList\",\"@id\":\"https:\\\/\\\/www.acd.fr\\\/en\\\/#breadcrumb\",\"itemListElement\":[{\"@type\":\"ListItem\",\"position\":1,\"name\":\"Accueil\",\"item\":\"https:\\\/\\\/www.acd.fr\\\/en\\\/\"},{\"@type\":\"ListItem\",\"position\":2,\"name\":\"Home\"}]},{\"@type\":\"WebSite\",\"@id\":\"https:\\\/\\\/www.acd.fr\\\/#website\",\"url\":\"https:\\\/\\\/www.acd.fr\\\/\",\"name\":\"ACD avocats\",\"description\":\"ACD avocats\",\"potentialAction\":[{\"@type\":\"SearchAction\",\"target\":{\"@type\":\"EntryPoint\",\"urlTemplate\":\"https:\\\/\\\/www.acd.fr\\\/?s={search_term_string}\"},\"query-input\":{\"@type\":\"PropertyValueSpecification\",\"valueRequired\":true,\"valueName\":\"search_term_string\"}}],\"inLanguage\":\"en-US\"}]}<\/script>\n<!-- \/ Yoast SEO plugin. -->","yoast_head_json":{"title":"ACD - Cabinet d'avocats d'affaires \u00e0 Paris, Nancy, Metz, Epinal et Thionville","description":"Cr\u00e9\u00e9 en 1959, ACD Avocats est un cabinet d'avocats de premier plan bas\u00e9 dans le Grand Est et \u00e0 Paris compos\u00e9 de pr\u00e8s de 100 professionnels.","robots":{"index":"index","follow":"follow","max-snippet":"max-snippet:-1","max-image-preview":"max-image-preview:large","max-video-preview":"max-video-preview:-1"},"canonical":"https:\/\/www.acd.fr\/en\/","og_locale":"en_US","og_type":"article","og_title":"ACD - Cabinet d'avocats d'affaires \u00e0 Paris, Nancy, Metz, Epinal et Thionville","og_description":"Cr\u00e9\u00e9 en 1959, ACD Avocats est un cabinet d'avocats de premier plan bas\u00e9 dans le Grand Est et \u00e0 Paris compos\u00e9 de pr\u00e8s de 100 professionnels.","og_url":"https:\/\/www.acd.fr\/en\/","og_site_name":"ACD avocats","article_modified_time":"2025-02-10T14:14:56+00:00","twitter_card":"summary_large_image","schema":{"@context":"https:\/\/schema.org","@graph":[{"@type":"WebPage","@id":"https:\/\/www.acd.fr\/en\/","url":"https:\/\/www.acd.fr\/en\/","name":"ACD - Cabinet d'avocats d'affaires \u00e0 Paris, Nancy, Metz, Epinal et Thionville","isPartOf":{"@id":"https:\/\/www.acd.fr\/#website"},"datePublished":"2024-10-08T09:40:16+00:00","dateModified":"2025-02-10T14:14:56+00:00","description":"Cr\u00e9\u00e9 en 1959, ACD Avocats est un cabinet d'avocats de premier plan bas\u00e9 dans le Grand Est et \u00e0 Paris compos\u00e9 de pr\u00e8s de 100 professionnels.","breadcrumb":{"@id":"https:\/\/www.acd.fr\/en\/#breadcrumb"},"inLanguage":"en-US","potentialAction":[{"@type":"ReadAction","target":["https:\/\/www.acd.fr\/en\/"]}]},{"@type":"BreadcrumbList","@id":"https:\/\/www.acd.fr\/en\/#breadcrumb","itemListElement":[{"@type":"ListItem","position":1,"name":"Accueil","item":"https:\/\/www.acd.fr\/en\/"},{"@type":"ListItem","position":2,"name":"Home"}]},{"@type":"WebSite","@id":"https:\/\/www.acd.fr\/#website","url":"https:\/\/www.acd.fr\/","name":"ACD avocats","description":"ACD avocats","potentialAction":[{"@type":"SearchAction","target":{"@type":"EntryPoint","urlTemplate":"https:\/\/www.acd.fr\/?s={search_term_string}"},"query-input":{"@type":"PropertyValueSpecification","valueRequired":true,"valueName":"search_term_string"}}],"inLanguage":"en-US"}]}},"_links":{"self":[{"href":"https:\/\/www.acd.fr\/en\/wp-json\/wp\/v2\/pages\/9065","targetHints":{"allow":["GET"]}}],"collection":[{"href":"https:\/\/www.acd.fr\/en\/wp-json\/wp\/v2\/pages"}],"about":[{"href":"https:\/\/www.acd.fr\/en\/wp-json\/wp\/v2\/types\/page"}],"author":[{"embeddable":true,"href":"https:\/\/www.acd.fr\/en\/wp-json\/wp\/v2\/users\/1"}],"replies":[{"embeddable":true,"href":"https:\/\/www.acd.fr\/en\/wp-json\/wp\/v2\/comments?post=9065"}],"version-history":[{"count":18,"href":"https:\/\/www.acd.fr\/en\/wp-json\/wp\/v2\/pages\/9065\/revisions"}],"predecessor-version":[{"id":9668,"href":"https:\/\/www.acd.fr\/en\/wp-json\/wp\/v2\/pages\/9065\/revisions\/9668"}],"wp:attachment":[{"href":"https:\/\/www.acd.fr\/en\/wp-json\/wp\/v2\/media?parent=9065"}],"curies":[{"name":"wp","href":"https:\/\/api.w.org\/{rel}","templated":true}]}}